{"id":13,"date":"2021-06-14T21:25:50","date_gmt":"2021-06-14T19:25:50","guid":{"rendered":"https:\/\/randfigure.ch\/?page_id=13"},"modified":"2022-05-17T21:45:42","modified_gmt":"2022-05-17T19:45:42","slug":"kontakt","status":"publish","type":"page","link":"https:\/\/randfigure.ch\/index.php\/kontakt\/","title":{"rendered":"Kontakt."},"content":{"rendered":"\n<p>Mir si offe f\u00fcr gstalterischi Afrooge aller Art. <\/p>\n\n\n\n<p>E Fassade mit dr Spraydose, e Liinwand mit em Pinsel, e bestimmts Tattoo oder au Designs im grafische Beriich. Mir finde sicher \u00f6pper in unserem Netzw\u00e4rk wo dir dini W\u00fcnsch erf\u00fcllt.<\/p>\n\n\n\n<p>M\u00e4ldet euch per Email \u00fcber kontakt@randfigure.ch oder telefonisch unter 079 782 01 91 bim Marc.<\/p>\n\n\n\n<p>G\u00e4rn entwickle mir mit dir z\u00e4mme e tolls Konzept und stelle dir e entspr\u00e4chendi Off\u00e4rte us.<\/p>\n\n\n\n<p>Rock&#8217;n&#8217;Roll! \ud83d\ude42<\/p>\n","protected":false},"excerpt":{"rendered":"<p>Mir si offe f\u00fcr gstalterischi Afrooge aller Art. E Fassade mit dr Spraydose, e Liinwand mit em Pinsel, e bestimmts Tattoo oder au Designs im grafische Beriich. Mir finde sicher \u00f6pper in unserem Netzw\u00e4rk wo dir dini W\u00fcnsch erf\u00fcllt. M\u00e4ldet&#8230; <a class=\"more-link\" href=\"https:\/\/randfigure.ch\/index.php\/kontakt\/\">Weiterlesen &rarr;<\/a><\/p>\n","protected":false},"author":1,"featured_media":0,"parent":0,"menu_order":0,"comment_status":"closed","ping_status":"closed","template":"","meta":{"footnotes":""},"class_list":["post-13","page","type-page","status-publish","hentry"],"_links":{"self":[{"href":"https:\/\/randfigure.ch\/index.php\/wp-json\/wp\/v2\/pages\/13","targetHints":{"allow":["GET"]}}],"collection":[{"href":"https:\/\/randfigure.ch\/index.php\/wp-json\/wp\/v2\/pages"}],"about":[{"href":"https:\/\/randfigure.ch\/index.php\/wp-json\/wp\/v2\/types\/page"}],"author":[{"embeddable":true,"href":"https:\/\/randfigure.ch\/index.php\/wp-json\/wp\/v2\/users\/1"}],"replies":[{"embeddable":true,"href":"https:\/\/randfigure.ch\/index.php\/wp-json\/wp\/v2\/comments?post=13"}],"version-history":[{"count":5,"href":"https:\/\/randfigure.ch\/index.php\/wp-json\/wp\/v2\/pages\/13\/revisions"}],"predecessor-version":[{"id":352,"href":"https:\/\/randfigure.ch\/index.php\/wp-json\/wp\/v2\/pages\/13\/revisions\/352"}],"wp:attachment":[{"href":"https:\/\/randfigure.ch\/index.php\/wp-json\/wp\/v2\/media?parent=13"}],"curies":[{"name":"wp","href":"https:\/\/api.w.org\/{rel}","templated":true}]}}